{"id":1110,"date":"2020-11-06T12:25:04","date_gmt":"2020-11-06T11:25:04","guid":{"rendered":"https:\/\/creadiv.studio\/?page_id=1110"},"modified":"2020-11-18T08:15:28","modified_gmt":"2020-11-18T07:15:28","slug":"polityka-prywatnosci","status":"publish","type":"page","link":"https:\/\/creadiv.studio\/pl\/polityka-prywatnosci\/","title":{"rendered":"Polityka Prywatno\u015bci"},"content":{"rendered":"<p>[et_pb_section fb_built=&#8221;1&#8243; _builder_version=&#8221;3.22&#8243;][et_pb_row _builder_version=&#8221;3.25&#8243; background_size=&#8221;initial&#8221; background_position=&#8221;top_left&#8221; background_repeat=&#8221;repeat&#8221;][et_pb_column type=&#8221;4_4&#8243; _builder_version=&#8221;3.25&#8243; custom_padding=&#8221;|||&#8221; custom_padding__hover=&#8221;|||&#8221;][et_pb_text disabled_on=&#8221;on|on|on&#8221; _builder_version=&#8221;4.2.2&#8243; background_size=&#8221;initial&#8221; background_position=&#8221;top_left&#8221; background_repeat=&#8221;repeat&#8221; disabled=&#8221;on&#8221;]<\/p>\n<h1>Privacy Policy<\/h1>\n<p>At creadiv.studio, accessible from https:\/\/creadiv.studio, one of our main priorities is the privacy of our visitors. This Privacy Policy document contains types of information that is collected and recorded by creadiv.studio and how we use it.<\/p>\n<p>If you have additional questions or require more information about our Privacy Policy, do not hesitate to contact us.<\/p>\n<p>Data Controller of your information is Marcin Lisewski &#8211; sole enterpreneur based in Poland, Wroc\u0142aw, owner of this website.<\/p>\n<p>Topics:<\/p>\n<ul>\n<li>What data do we collect?<\/li>\n<li>How do we collect your data?<\/li>\n<li>How will we use your data?<\/li>\n<li>How do we store your data?<\/li>\n<li>What are your data protection rights?<\/li>\n<li>About Coockies<\/li>\n<li>Privacy policies of other websites<\/li>\n<li>Changes to our privacy policy<\/li>\n<li>How to contact us<\/li>\n<li>How to contact the appropriate authorities<\/li>\n<\/ul>\n<h3>What data do we collect?<\/h3>\n<p>Our Company collects the following data:<\/p>\n<ul>\n<li>Personal identification information (Name,\u00a0 email address, phone number)<\/li>\n<li>Your company details required to send you an invoice<\/li>\n<\/ul>\n<h3>How do we collect your data?<\/h3>\n<p>You directly provide Our Company with most of the data we collect. We collect data and process data when you:<\/p>\n<ul>\n<li>Register online or place an order for any of our products or services.<\/li>\n<li>Voluntarily complete a customer survey or provide feedback on any of our message boards or via email.<\/li>\n<li>Use or view our website via your browser\u2019s cookies.<\/li>\n<li>Signup to our newsletter<\/li>\n<li>Contact us using chat or contact form on our website<\/li>\n<li>we use Google Analitics, it collect information about your visits as anonymous user &#8211; we do that to better know what you are looking for and to deliver better user experience<\/li>\n<li>we use HotJar service, it records your behaviour on our website as anonymous user, we do that to improve user experience on this website<\/li>\n<\/ul>\n<h3>How will we use your data?<\/h3>\n<p>Our Company collects your data so that we can:<\/p>\n<ul>\n<li>Process your order and manage your account.<\/li>\n<li>Email you with special offers on other products and services we think you might like.<\/li>\n<li>Improve user experience on our website<\/li>\n<\/ul>\n<h3>How do we store your data?<\/h3>\n<p>Our Company securely stores your data at encrypted hardrive, and 3party software like maichimp, gmail, hotjar(anonymous data), google analitics(anonymous data).<\/p>\n<p>Our Company will keep your anonymous data for 1 year. Once this time period has expired, we will delete your data automaticly from google analitics and hotjar.<\/p>\n<p>Mailchimp data would be kept as long as you wish to receive our newsletter. After a year you will be asked again if you want still receiving it.<\/p>\n<p>Your invoice data will be kept for 5 years.<\/p>\n<p>&nbsp;<\/p>\n<h3>What are your data protection rights?<\/h3>\n<p>Our Company would like to make sure you are fully aware of all of your data protection rights. Every user is entitled to the following:<\/p>\n<p><strong>The right to access<\/strong>\u00a0\u2013 You have the right to request Our Company for copies of your personal data. We may charge you a small fee for this service.<\/p>\n<p><strong>The right to rectification<\/strong>\u00a0\u2013 You have the right to request that Our Company correct any information you believe is inaccurate. You also have the right to request Our Company to complete the information you believe is incomplete.<\/p>\n<p><strong>The right to erasure<\/strong>\u00a0\u2013 You have the right to request that Our Company erase your personal data, under certain conditions.<\/p>\n<p><strong>The right to restrict processing<\/strong>\u00a0\u2013 You have the right to request that Our Company restrict the processing of your personal data, under certain conditions.<\/p>\n<p><strong>The right to object to processing<\/strong>\u00a0\u2013 You have the right to object to Our Company\u2019s processing of your personal data, under certain conditions.<\/p>\n<p><strong>The right to data portability<\/strong>\u00a0\u2013 You have the right to request that Our Company transfer the data that we have collected to another organization, or directly to you, under certain conditions.<\/p>\n<p>If you make a request, we have one month to respond to you. If you would like to exercise any of these rights, please contact us at our email:<\/p>\n<p>Call us at: <a href=\"tel:48 511 291 834\">+48 511 291 834<\/a><\/p>\n<p>Or write to us: <a href=\"mailto:marcin@creadiv.studio\">marcin@creadiv.studio<\/a><\/p>\n<h3>Cookies<\/h3>\n<p>Cookies are text files placed on your computer to collect standard Internet log information and visitor behavior information. When you visit our websites, we may collect information from you automatically through cookies or similar technology<\/p>\n<p>For further information check our <a href=\"cookie-policy\" target=\"_blank\" rel=\"noopener noreferrer\">Cookies Policy<\/a>.<\/p>\n<h3>Privacy policies of other websites<\/h3>\n<p>The Our Company website contains links to other websites. Our privacy policy applies only to our website, so if you click on a link to another website, you should read their privacy policy.<\/p>\n<h3>Changes to our privacy policy<\/h3>\n<p>Our Company keeps its privacy policy under regular review and places any updates on this web page. This privacy policy was last updated on 18 December 2019.<\/p>\n<h3>How to contact us<\/h3>\n<p>If you have any questions about Our Company\u2019s privacy policy, the data we hold on you, or you would like to exercise one of your data protection rights, please do not hesitate to contact us.<\/p>\n<p><strong>Email us at:<\/strong> <a href=\"mailto:marcin@creadiv.studio\">marcin@creadiv.studio<\/a><\/p>\n<p><strong>Call us:<\/strong> <a href=\"tel:48511291834\">+48 511 291 834<\/a><\/p>\n<p><strong>Data Administrator:<\/strong> Marcin Lisewski, Robotnicza 42A, 53-608 Wroc\u0142aw, VAT UE: PL8762200598<\/p>\n<p>[\/et_pb_text][et_pb_text _builder_version=&#8221;4.2.2&#8243; background_size=&#8221;initial&#8221; background_position=&#8221;top_left&#8221; background_repeat=&#8221;repeat&#8221;]<\/p>\n<h1>Polityka prywatno\u015bci<\/h1>\n<p>W creadiv.studio, dost\u0119pnym pod adresem https:\/\/creadiv.studio, jednym z naszych g\u0142\u00f3wnych priorytet\u00f3w jest prywatno\u015b\u0107 naszych go\u015bci. Niniejszy dokument dotycz\u0105cy polityki prywatno\u015bci zawiera rodzaje informacji, kt\u00f3re s\u0105 zbierane i zapisywane przez creadiv.studio oraz spos\u00f3b ich wykorzystywania.<\/p>\n<p>Je\u015bli masz dodatkowe pytania lub potrzebujesz wi\u0119cej informacji na temat naszej polityki prywatno\u015bci, nie wahaj si\u0119 z nami skontaktowa\u0107.<\/p>\n<p>Administratorem danych osobowych jest Marcin Lisewski &#8211; przedsi\u0119biorca z siedzib\u0105 w Polsce, we Wroc\u0142awiu, w\u0142a\u015bciciel tej strony.<\/p>\n<p>Tematy:<\/p>\n<ul>\n<li>Jakie dane zbieramy?<\/li>\n<li>Jak gromadzimy Pa\u0144stwa dane?<\/li>\n<li>Jak wykorzystamy Twoje dane?<\/li>\n<li>Jak przechowujemy Twoje dane?<\/li>\n<li>Jakie s\u0105 twoje prawa do ochrony danych osobowych?<\/li>\n<li>O Cookies<\/li>\n<li>Polityka prywatno\u015bci innych stron internetowych<\/li>\n<li>Zmiany w naszej polityce prywatno\u015bci<\/li>\n<li>Jak si\u0119 z nami skontaktowa\u0107<\/li>\n<li>Jak skontaktowa\u0107 si\u0119 z w\u0142a\u015bciwymi organami<\/li>\n<\/ul>\n<h3>Jakie dane zbieramy?<\/h3>\n<p>Nasza firma gromadzi nast\u0119puj\u0105ce dane:<\/p>\n<ul>\n<li>Osobiste dane identyfikacyjne (nazwisko, adres e-mail, numer telefonu)<\/li>\n<li>Dane Twojej firmy wymagane do wys\u0142ania faktury<\/li>\n<\/ul>\n<h3>Jak gromadzimy Pa\u0144stwa dane?<\/h3>\n<p>Wi\u0119kszo\u015b\u0107 gromadzonych przez nas danych przekazujecie Pa\u0144stwo bezpo\u015brednio do naszej firmy. Gromadzimy dane i przetwarzamy je w momencie, gdy Ty:<\/p>\n<ul>\n<li>Zarejestruj si\u0119 online lub z\u0142\u00f3\u017c zam\u00f3wienie na kt\u00f3rykolwiek z naszych produkt\u00f3w lub us\u0142ug.<\/li>\n<li>Dobrowolnie wype\u0142nij ankiet\u0119 klienta lub przeka\u017c informacj\u0119 zwrotn\u0105 na kt\u00f3rymkolwiek z naszych for\u00f3w dyskusyjnych lub za po\u015brednictwem poczty elektronicznej.<\/li>\n<li>Korzystaj lub przegl\u0105daj nasz\u0105 stron\u0119 internetow\u0105 za pomoc\u0105 plik\u00f3w cookie Twojej przegl\u0105darki.<\/li>\n<li>Zapisz si\u0119 do naszego newslettera<\/li>\n<li>Skontaktuj si\u0119 z nami za pomoc\u0105 czatu lub formularza kontaktowego na naszej stronie internetowej<\/li>\n<li>korzystamy z Google Analitics, zbiera informacje o Twoich wizytach jako anonimowy u\u017cytkownik &#8211; robimy to, aby lepiej wiedzie\u0107, czego szukasz i zapewni\u0107 Ci lepsz\u0105 obs\u0142ug\u0119 u\u017cytkownika<\/li>\n<li>korzystamy z us\u0142ugi HotJar, rejestruje ona zachowanie u\u017cytkownika na naszej stronie internetowej jako anonimowego u\u017cytkownika, robimy to w celu poprawy komfortu korzystania z tej strony.<\/li>\n<\/ul>\n<h3>Jak wykorzystamy Twoje dane?<\/h3>\n<p>Nasza firma gromadzi Pa\u0144stwa dane, aby\u015bmy mogli to zrobi\u0107:<\/p>\n<ul>\n<li>Zrealizuj zam\u00f3wienie i zarz\u0105dzaj swoim kontem.<\/li>\n<li>Wy\u015blij e-mail z ofertami specjalnymi dotycz\u0105cymi innych produkt\u00f3w i us\u0142ug, kt\u00f3re naszym zdaniem mog\u0105 Ci si\u0119 spodoba\u0107.<\/li>\n<li>Ulepszanie do\u015bwiadczenia u\u017cytkownika na naszej stronie internetowej<\/li>\n<\/ul>\n<h3>Jak przechowujemy Twoje dane?<\/h3>\n<p>Nasza firma bezpiecznie przechowuje Pa\u0144stwa dane na zaszyfrowanym dysku twardym oraz 3-stronnicowym oprogramowaniu, takim jak maichimp, gmail, hotjar(dane anonimowe), google analitics(dane anonimowe).<\/p>\n<p>Nasza firma przechowuje Pa\u0144stwa dane anonimowe przez 1 rok. Po up\u0142ywie tego okresu dane u\u017cytkownika zostan\u0105 automatycznie usuni\u0119te z google analitics i hotjar.<\/p>\n<p>Dane Mailchimp b\u0119d\u0105 przechowywane tak d\u0142ugo, jak d\u0142ugo b\u0119dziesz chcia\u0142 otrzymywa\u0107 nasz newsletter. Po up\u0142ywie roku zostaniesz ponownie zapytany, czy nadal chcesz otrzymywa\u0107 nasz biuletyn.<\/p>\n<p>Twoje dane do faktury b\u0119d\u0105 przechowywane przez 5 lat.<\/p>\n<p>&nbsp;<\/p>\n<h3>Jakie s\u0105 twoje prawa do ochrony danych osobowych?<\/h3>\n<p>Nasza firma chce mie\u0107 pewno\u015b\u0107, \u017ce jeste\u015b w pe\u0142ni \u015bwiadomy wszystkich swoich praw do ochrony danych osobowych. Ka\u017cdy u\u017cytkownik ma prawo do nast\u0119puj\u0105cych informacji:<\/p>\n<p><strong>Prawo dost\u0119pu<\/strong> &#8211; U\u017cytkownik ma prawo za\u017c\u0105da\u0107 od Naszej Firmy kopii swoich danych osobowych. Za t\u0119 us\u0142ug\u0119 mo\u017cemy pobiera\u0107 od Ciebie niewielk\u0105 op\u0142at\u0119.<\/p>\n<p><strong>Prawo do poprawiania danych<\/strong> &#8211; U\u017cytkownik ma prawo za\u017c\u0105da\u0107 od Naszej Firmy poprawienia wszelkich informacji, kt\u00f3re uwa\u017ca za niedok\u0142adne. U\u017cytkownik ma r\u00f3wnie\u017c prawo poprosi\u0107 Nasz\u0105 Sp\u00f3\u0142k\u0119 o uzupe\u0142nienie informacji, kt\u00f3re uwa\u017ca za niekompletne.<\/p>\n<p><strong>Prawo do usuni\u0119cia danych<\/strong> &#8211; U\u017cytkownik ma prawo za\u017c\u0105da\u0107 od Naszej Sp\u00f3\u0142ki usuni\u0119cia swoich danych osobowych, pod pewnymi warunkami.<\/p>\n<p><strong>Prawo do ograniczenia przetwarzania danych<\/strong> &#8211; U\u017cytkownik ma prawo za\u017c\u0105da\u0107 od Naszej Sp\u00f3\u0142ki ograniczenia przetwarzania jego danych osobowych, pod pewnymi warunkami.<\/p>\n<p><strong>Prawo do sprzeciwu wobec przetwarzania danych<\/strong> &#8211; U\u017cytkownik ma prawo do sprzeciwu wobec przetwarzania jego danych osobowych przez Nasz\u0105 Firm\u0119, pod pewnymi warunkami.<\/p>\n<p><strong>Prawo do przenoszenia danych<\/strong> &#8211; U\u017cytkownik ma prawo za\u017c\u0105da\u0107 od Firmy przekazania zebranych danych osobowych innej organizacji lub bezpo\u015brednio do U\u017cytkownika, pod pewnymi warunkami.<\/p>\n<p>W przypadku zg\u0142oszenia takiej pro\u015bby, mamy jeden miesi\u0105c na udzielenie odpowiedzi. Je\u015bli chcia\u0142by\u015b skorzysta\u0107 z kt\u00f3regokolwiek z tych praw, skontaktuj si\u0119 z nami na adres e-mail:<\/p>\n<p>Zadzwo\u0144 do nas: <a href=\"tel:48 511 291 834\">+48 511 291 834<\/a><\/p>\n<p>Albo napisz do nas: <a href=\"mailto:marcin@creadiv.studio\">marcin@creadiv.studio<\/a><\/p>\n<h3>Cookies<\/h3>\n<p>Pliki cookie to pliki tekstowe umieszczane na komputerze u\u017cytkownika w celu gromadzenia standardowych informacji o dzienniku internetowym i zachowaniach u\u017cytkownik\u00f3w. Kiedy odwiedzasz nasze strony internetowe, mo\u017cemy automatycznie zbiera\u0107 od Ciebie informacje za pomoc\u0105 plik\u00f3w cookie lub podobnej technologii.<\/p>\n<p>W celu uzyskania dalszych informacji sprawd\u017a nasze <a href=\"cookie-policy\" target=\"_blank\" rel=\"noopener noreferrer\">Polityka Cookies<\/a>.<\/p>\n<h3>Polityka prywatno\u015bci innych stron internetowych<\/h3>\n<p>Na stronie internetowej naszej firmy znajduj\u0105 si\u0119 linki do innych stron internetowych. Nasza polityka prywatno\u015bci odnosi si\u0119 tylko do naszej strony internetowej, wi\u0119c je\u015bli klikniesz na link do innej strony, powiniene\u015b przeczyta\u0107 jej polityk\u0119 prywatno\u015bci.<\/p>\n<h3>Zmiany w naszej polityce prywatno\u015bci<\/h3>\n<p>Nasza firma regularnie weryfikuje swoj\u0105 polityk\u0119 prywatno\u015bci i umieszcza wszelkie aktualizacje na tej stronie internetowej. Niniejsza polityka prywatno\u015bci zosta\u0142a ostatnio zaktualizowana 18 grudnia 2019 roku.<\/p>\n<h3>Jak si\u0119 z nami skontaktowa\u0107<\/h3>\n<p>Je\u015bli maj\u0105 Pa\u0144stwo jakiekolwiek pytania dotycz\u0105ce polityki prywatno\u015bci naszej firmy, danych, kt\u00f3re przechowujemy na Pa\u0144stwa temat lub chcieliby Pa\u0144stwo skorzysta\u0107 z jednego z przys\u0142uguj\u0105cych Pa\u0144stwu praw do ochrony danych, prosimy o kontakt z nami.<\/p>\n<p><strong>Wy\u015blij do nas e-mail:<\/strong> <a href=\"mailto:marcin@creadiv.studio\">marcin@creadiv.studio<\/a><\/p>\n<p><strong>Zadzwo\u0144 do nas:<\/strong> <a href=\"tel:48511291834\">+48 511 291 834<\/a><\/p>\n<p><strong>Administrator danych:<\/strong> Marcin Lisewski, Robotnicza 42A, 53-608 Wroc\u0142aw, VAT UE: PL8762200598<\/p>\n<p>[\/et_pb_text][\/et_pb_column][\/et_pb_row][\/et_pb_section]<\/p>\n","protected":false},"excerpt":{"rendered":"<p>Privacy Policy At creadiv.studio, accessible from https:\/\/creadiv.studio, one of our main priorities is the privacy of our visitors. This Privacy Policy document contains types of information that is collected and recorded by creadiv.studio and how we use it. If you have additional questions or require more information about our Privacy Policy, do not hesitate to [&hellip;]<\/p>\n","protected":false},"author":1,"featured_media":0,"parent":0,"menu_order":0,"comment_status":"closed","ping_status":"closed","template":"","meta":{"_et_pb_use_builder":"on","_et_pb_old_content":"","_et_gb_content_width":"","_mi_skip_tracking":false},"_links":{"self":[{"href":"https:\/\/creadiv.studio\/pl\/wp-json\/wp\/v2\/pages\/1110"}],"collection":[{"href":"https:\/\/creadiv.studio\/pl\/wp-json\/wp\/v2\/pages"}],"about":[{"href":"https:\/\/creadiv.studio\/pl\/wp-json\/wp\/v2\/types\/page"}],"author":[{"embeddable":true,"href":"https:\/\/creadiv.studio\/pl\/wp-json\/wp\/v2\/users\/1"}],"replies":[{"embeddable":true,"href":"https:\/\/creadiv.studio\/pl\/wp-json\/wp\/v2\/comments?post=1110"}],"version-history":[{"count":6,"href":"https:\/\/creadiv.studio\/pl\/wp-json\/wp\/v2\/pages\/1110\/revisions"}],"predecessor-version":[{"id":1307,"href":"https:\/\/creadiv.studio\/pl\/wp-json\/wp\/v2\/pages\/1110\/revisions\/1307"}],"wp:attachment":[{"href":"https:\/\/creadiv.studio\/pl\/wp-json\/wp\/v2\/media?parent=1110"}],"curies":[{"name":"wp","href":"https:\/\/api.w.org\/{rel}","templated":true}]}}